{"id":74,"date":"2021-09-14T12:13:03","date_gmt":"2021-09-14T09:13:03","guid":{"rendered":"https:\/\/tubanur.com\/demo\/?page_id=74"},"modified":"2021-09-17T12:28:49","modified_gmt":"2021-09-17T09:28:49","slug":"hakkimizda","status":"publish","type":"page","link":"https:\/\/tubanur.com\/?page_id=74","title":{"rendered":"Hakk\u0131m\u0131zda"},"content":{"rendered":"\t\t<div data-elementor-type=\"wp-page\" data-elementor-id=\"74\" class=\"elementor elementor-74\" data-elementor-settings=\"[]\">\n\t\t\t\t\t\t\t<div class=\"elementor-section-wrap\">\n\t\t\t\t\t\t\t<section class=\"elementor-section elementor-top-section elementor-element elementor-element-e5eab72 elementor-section-boxed elementor-section-height-default elementor-section-height-default\" data-id=\"e5eab72\" data-element_type=\"section\">\n\t\t\t\t\t\t<div class=\"elementor-container elementor-column-gap-default\">\n\t\t\t\t\t<div class=\"elementor-column elementor-col-100 elementor-top-column elementor-element elementor-element-b21d900\" data-id=\"b21d900\" data-element_type=\"column\">\n\t\t\t<div class=\"elementor-widget-wrap elementor-element-populated\">\n\t\t\t\t\t\t\t\t<div class=\"elementor-element elementor-element-558c620 elementor-widget elementor-widget-heading\" data-id=\"558c620\" data-element_type=\"widget\" data-widget_type=\"heading.default\">\n\t\t\t\t<div class=\"elementor-widget-container\">\n\t\t\t<h2 class=\"elementor-heading-title elementor-size-default\">HAKKIMIZDA<\/h2>\t\t<\/div>\n\t\t\t\t<\/div>\n\t\t\t\t\t<\/div>\n\t\t<\/div>\n\t\t\t\t\t\t\t<\/div>\n\t\t<\/section>\n\t\t\t\t<section class=\"elementor-section elementor-top-section elementor-element elementor-element-12c046b elementor-section-boxed elementor-section-height-default elementor-section-height-default\" data-id=\"12c046b\" data-element_type=\"section\">\n\t\t\t\t\t\t<div class=\"elementor-container elementor-column-gap-default\">\n\t\t\t\t\t<div class=\"elementor-column elementor-col-100 elementor-top-column elementor-element elementor-element-8ac06fc\" data-id=\"8ac06fc\" data-element_type=\"column\">\n\t\t\t<div class=\"elementor-widget-wrap elementor-element-populated\">\n\t\t\t\t\t\t\t\t<div class=\"elementor-element elementor-element-432f71b elementor-widget elementor-widget-text-editor\" data-id=\"432f71b\" data-element_type=\"widget\" data-widget_type=\"text-editor.default\">\n\t\t\t\t<div class=\"elementor-widget-container\">\n\t\t\t\t\t\t\t<p><b>Tubanur\u00a0<\/b>markas\u0131\u00a0<b>TBN Tekstil ve Dan\u0131\u015fmanl\u0131k A.\u015e<\/b>\u2019nin b\u00fcnyesinde kuruldu. 2013 senesinden bu yana tekstil \u00fcretimi, e-ticaret firmalar\u0131na \u00fcr\u00fcn tedari\u011fi ve dan\u0131\u015fmanl\u0131k yapan firmam\u0131z, Her ya\u015f, her beden ve her tarza, uygun fiyata kaliteli ula\u015fabilmeniz i\u00e7in hizmete a\u00e7\u0131ld\u0131.<\/p>\t\t\t\t\t\t<\/div>\n\t\t\t\t<\/div>\n\t\t\t\t\t<\/div>\n\t\t<\/div>\n\t\t\t\t\t\t\t<\/div>\n\t\t<\/section>\n\t\t\t\t<section class=\"elementor-section elementor-top-section elementor-element elementor-element-23445da elementor-section-boxed elementor-section-height-default elementor-section-height-default\" data-id=\"23445da\" data-element_type=\"section\" data-settings=\"{&quot;background_background&quot;:&quot;classic&quot;}\">\n\t\t\t\t\t\t<div class=\"elementor-container elementor-column-gap-default\">\n\t\t\t\t\t<div class=\"elementor-column elementor-col-50 elementor-top-column elementor-element elementor-element-c297fa9\" data-id=\"c297fa9\" data-element_type=\"column\">\n\t\t\t<div class=\"elementor-widget-wrap elementor-element-populated\">\n\t\t\t\t\t\t\t\t<div class=\"elementor-element elementor-element-f1945a2 e-grid-align-left elementor-shape-rounded elementor-grid-0 elementor-widget elementor-widget-social-icons\" data-id=\"f1945a2\" data-element_type=\"widget\" data-widget_type=\"social-icons.default\">\n\t\t\t\t<div class=\"elementor-widget-container\">\n\t\t\t\t\t<div class=\"elementor-social-icons-wrapper elementor-grid\">\n\t\t\t\t\t\t\t<span class=\"elementor-grid-item\">\n\t\t\t\t\t<a class=\"elementor-icon elementor-social-icon elementor-social-icon-facebook elementor-repeater-item-73d577a\" href=\"https:\/\/www.facebook.com\/yoncaekspres\" target=\"_blank\">\n\t\t\t\t\t\t<span class=\"elementor-screen-only\">Facebook<\/span>\n\t\t\t\t\t\t<i class=\"fab fa-facebook\"><\/i>\t\t\t\t\t<\/a>\n\t\t\t\t<\/span>\n\t\t\t\t\t\t\t<span class=\"elementor-grid-item\">\n\t\t\t\t\t<a class=\"elementor-icon elementor-social-icon elementor-social-icon-instagram elementor-repeater-item-eed59f8\" href=\"https:\/\/www.instagram.com\/yoncaekspres\/\" target=\"_blank\">\n\t\t\t\t\t\t<span class=\"elementor-screen-only\">Instagram<\/span>\n\t\t\t\t\t\t<i class=\"fab fa-instagram\"><\/i>\t\t\t\t\t<\/a>\n\t\t\t\t<\/span>\n\t\t\t\t\t<\/div>\n\t\t\t\t<\/div>\n\t\t\t\t<\/div>\n\t\t\t\t\t<\/div>\n\t\t<\/div>\n\t\t\t\t<div class=\"elementor-column elementor-col-50 elementor-top-column elementor-element elementor-element-dc3755d\" data-id=\"dc3755d\" data-element_type=\"column\">\n\t\t\t<div class=\"elementor-widget-wrap elementor-element-populated\">\n\t\t\t\t\t\t\t\t<div class=\"elementor-element elementor-element-791154a elementor-widget elementor-widget-text-editor\" data-id=\"791154a\" data-element_type=\"widget\" data-widget_type=\"text-editor.default\">\n\t\t\t\t<div class=\"elementor-widget-container\">\n\t\t\t\t\t\t\t<p><em>Tubanur markas\u0131 T\u00fcm haklar\u0131 sakl\u0131d\u0131r.\u00a0<\/em><\/p>\t\t\t\t\t\t<\/div>\n\t\t\t\t<\/div>\n\t\t\t\t\t<\/div>\n\t\t<\/div>\n\t\t\t\t\t\t\t<\/div>\n\t\t<\/section>\n\t\t\t\t\t\t<\/div>\n\t\t\t\t\t<\/div>\n\t\t","protected":false},"excerpt":{"rendered":"<p>HAKKIMIZDA Tubanur\u00a0markas\u0131\u00a0TBN Tekstil ve Dan\u0131\u015fmanl\u0131k A.\u015e\u2019nin b\u00fcnyesinde kuruldu. 2013 senesinden bu yana tekstil \u00fcretimi, e-ticaret firmalar\u0131na \u00fcr\u00fcn tedari\u011fi ve dan\u0131\u015fmanl\u0131k yapan firmam\u0131z, Her ya\u015f, her beden ve her tarza, uygun fiyata kaliteli ula\u015fabilmeniz i\u00e7in hizmete a\u00e7\u0131ld\u0131. Facebook Instagram Tubanur markas\u0131 T\u00fcm haklar\u0131 sakl\u0131d\u0131r.\u00a0<\/p>\n","protected":false},"author":1,"featured_media":0,"parent":0,"menu_order":0,"comment_status":"closed","ping_status":"closed","template":"","meta":{"footnotes":""},"_links":{"self":[{"href":"https:\/\/tubanur.com\/index.php?rest_route=\/wp\/v2\/pages\/74"}],"collection":[{"href":"https:\/\/tubanur.com\/index.php?rest_route=\/wp\/v2\/pages"}],"about":[{"href":"https:\/\/tubanur.com\/index.php?rest_route=\/wp\/v2\/types\/page"}],"author":[{"embeddable":true,"href":"https:\/\/tubanur.com\/index.php?rest_route=\/wp\/v2\/users\/1"}],"replies":[{"embeddable":true,"href":"https:\/\/tubanur.com\/index.php?rest_route=%2Fwp%2Fv2%2Fcomments&post=74"}],"version-history":[{"count":8,"href":"https:\/\/tubanur.com\/index.php?rest_route=\/wp\/v2\/pages\/74\/revisions"}],"predecessor-version":[{"id":451,"href":"https:\/\/tubanur.com\/index.php?rest_route=\/wp\/v2\/pages\/74\/revisions\/451"}],"wp:attachment":[{"href":"https:\/\/tubanur.com\/index.php?rest_route=%2Fwp%2Fv2%2Fmedia&parent=74"}],"curies":[{"name":"wp","href":"https:\/\/api.w.org\/{rel}","templated":true}]}}